{"id":8684,"date":"2019-09-02T16:58:33","date_gmt":"2019-09-02T14:58:33","guid":{"rendered":"https:\/\/www.sdhsvatepole.cz\/?page_id=8684"},"modified":"2022-12-20T11:18:08","modified_gmt":"2022-12-20T10:18:08","slug":"mladi-hasici","status":"publish","type":"page","link":"https:\/\/www.sdhsvatepole.cz\/archiv\/mladi-hasici\/","title":{"rendered":"Mlad\u00ed hasi\u010di"},"content":{"rendered":"<h3 style=\"text-align: justify;\"><span style=\"color: #ff0000;\">V\u00edtejte v sekci v\u011bnovan\u00e9 na\u0161im Mlad\u00fdm hasi\u010d\u016fm SDH Svat\u00e9 Pole.<\/span> Webov\u00e1 sekce Mlad\u00fdch dobrovoln\u00fdch hasi\u010d\u016f ze Svat\u00e9ho Pole je informa\u010dn\u00ed m\u00edsto o d\u011bn\u00ed v kategorii Mlad\u00fdch hasi\u010d\u016f. M\u016f\u017eete zde \u010d\u00edst a prohl\u00ed\u017eet informace o akc\u00edch a \u010dinnosti Mlad\u00fdch hasi\u010d\u016f. M\u016f\u017eete proch\u00e1zet \u010dl\u00e1nky fotogalerie a videa z akc\u00ed a po\u017e\u00e1rn\u00edho sportu, kter\u00e9mu se na\u0161i Mlad\u00ed hasi\u010di, z\u00e1vodn\u00edci v\u011bnuj\u00ed. SDH Svat\u00e9 Pole je organizace, zam\u011b\u0159uj\u00edc\u00ed se p\u0159edev\u0161\u00edm na prosp\u011b\u0161nou a sportovn\u00ed \u010dinnost a k tomuto se sna\u017e\u00edme v\u00e9st i na\u0161e Mlad\u00e9 hasi\u010de, kte\u0159\u00ed budou jednou na\u0161imi n\u00e1stupci a pokra\u010dovateli t\u00e9to kr\u00e1sn\u00e9 tradice v na\u0161\u00ed obci.<\/h3>\n<div class=\"fusion-fullwidth fullwidth-box fusion-builder-row-1 hundred-percent-fullwidth non-hundred-percent-height-scrolling\" style=\"background-color: rgba(255,255,255,0);background-position: center center;background-repeat: no-repeat;padding-top:0px;padding-right:0px;padding-bottom:0px;padding-left:0px;margin-bottom: 0px;margin-top: 0px;border-width: 0px 0px 0px 0px;border-color:#eae9e9;border-style:solid;\" ><div class=\"fusion-builder-row fusion-row\"><div class=\"fusion-layout-column fusion_builder_column fusion-builder-column-0 fusion_builder_column_1_2 1_2 fusion-one-half fusion-column-first\" style=\"width:50%;width:calc(50% - ( ( 4% ) * 0.5 ) );margin-right: 4%;margin-top:0px;margin-bottom:20px;\"><div class=\"fusion-column-wrapper fusion-flex-column-wrapper-legacy\" style=\"background-position:left top;background-repeat:no-repeat;-webkit-background-size:cover;-moz-background-size:cover;-o-background-size:cover;background-size:cover;padding: 0px 0px 0px 0px;\">\n<div class=\"fusion-slider-sc fusion-flexslider-loading flexslider flexslider-hover-type-none\" data-slideshow_autoplay=\"1\" data-slideshow_smooth_height=\"0\" data-slideshow_speed=\"7000\" style=\"max-width:100%;height:100%;\"><ul class=\"slides\">\n<li class=\"image\"><span class=\"fusion-image-hover-element hover-type-none\"><img decoding=\"async\" src=\"https:\/\/www.sdhsvatepole.cz\/archiv\/wp-content\/uploads\/2018\/05\/IMG_20180407_0919321.jpg\" width=\"4160\" height=\"3120\" \/><\/span><\/li>\n<li class=\"image\"><span class=\"fusion-image-hover-element hover-type-none\"><img decoding=\"async\" src=\"https:\/\/www.sdhsvatepole.cz\/archiv\/wp-content\/uploads\/2018\/04\/IMG_20180324_115424.jpg\" width=\"1000\" height=\"750\" \/><\/span><\/li>\n<li class=\"image\"><span class=\"fusion-image-hover-element hover-type-none\"><img decoding=\"async\" src=\"https:\/\/www.sdhsvatepole.cz\/archiv\/wp-content\/uploads\/2018\/06\/36200328_1865018150203321_5514102602012295168_n.jpg\" width=\"1024\" height=\"768\" \/><\/span><\/li>\n<li class=\"image\"><span class=\"fusion-image-hover-element hover-type-none\"><img decoding=\"async\" src=\"https:\/\/www.sdhsvatepole.cz\/archiv\/wp-content\/uploads\/2017\/06\/DSC_0877-1500.jpg\" width=\"1500\" height=\"1000\" \/><\/span><\/li><\/ul><\/div><div class=\"fusion-clearfix\"><\/div><\/div><\/div>\n<div class=\"fusion-layout-column fusion_builder_column fusion-builder-column-1 fusion_builder_column_1_2 1_2 fusion-one-half fusion-column-last\" style=\"width:50%;width:calc(50% - ( ( 4% ) * 0.5 ) );margin-top:0px;margin-bottom:20px;\"><div class=\"fusion-column-wrapper fusion-flex-column-wrapper-legacy\" style=\"background-position:left top;background-repeat:no-repeat;-webkit-background-size:cover;-moz-background-size:cover;-o-background-size:cover;background-size:cover;padding: 0px 0px 0px 0px;\">\n<style type=\"text\/css\"><\/style><div class=\"fusion-title title fusion-title-1 fusion-title-text fusion-title-size-three\" style=\"margin-top:0px;margin-right:0px;margin-bottom:31px;margin-left:0px;\"><h3 class=\"title-heading-left\" style=\"margin:0;\"><span style=\"color: #ff0000;\">Aktivity na\u0161ich Mlad\u00fdch hasi\u010d\u016f<\/span><\/h3><div class=\"title-sep-container\"><div class=\"title-sep sep-double sep-solid\" style=\"border-color:#e0dede;\"><\/div><\/div><\/div>\n<strong>Sou\u010d\u00e1st\u00ed na\u0161eho sboru dobrovoln\u00fdch hasi\u010d\u016f<\/strong> jsou tak\u00e9 &#8222;Mlad\u00ed hasi\u010di&#8220;, m\u00e1me d\u011btsk\u00e9 z\u00e1vodn\u00ed t\u00fdmy v kategori\u00edch &#8222;P\u0159\u00edpravka&#8220;, &#8222;Mlad\u0161\u00ed \u017e\u00e1ci&#8220; a &#8222;Star\u0161\u00ed \u017e\u00e1ci&#8220;, kter\u00e9 jsou vedeny na\u0161imi vedouc\u00edmi ml\u00e1de\u017ee. Na\u0161i Mlad\u00ed hasi\u010di se \u00fa\u010dastn\u00ed klasick\u00fdch d\u011btsk\u00fdch hasi\u010dsk\u00fdch sportovn\u00edch aktivit, jako je tradi\u010dn\u00ed d\u011btsk\u00e1 a velmi nau\u010dn\u00e1 hra &#8222;Plamen&#8220; d\u00e1le se \u00fa\u010dastn\u00ed i po\u017e\u00e1rn\u00edch \u00fatok\u016f ve sv\u00e9 d\u011btsk\u00e9 kategorii a krom\u011b \u00fa\u010dasti na kulturn\u00edch akc\u00edch, kde maj\u00ed sv\u00e1 vystoupen\u00ed tak\u00e9 pom\u00e1haj\u00ed p\u0159i prosp\u011b\u0161n\u00fdch akc\u00edch, kter\u00e9 n\u00e1\u0161 sbor dobrovoln\u00fdch hasi\u010d\u016f organizuje. S na\u0161imi d\u011btmi jezd\u00edme na r\u016fzn\u00e9 d\u011btsk\u00e9 akce a organizovan\u00e9 t\u00e1bory, sportovn\u00ed soust\u0159ed\u011bn\u00ed. Aktivity na\u0161ich Mlad\u00fdch hasi\u010d\u016f pokra\u010duj\u00ed i v zimn\u00edm obdob\u00ed, kdy se \u00fa\u010dastn\u00ed zimn\u00edch her. Krom\u011b t\u011bchto aktivit pom\u00e1haj\u00ed aktivn\u011b na\u0161i Mlad\u00ed hasi\u010di p\u0159i akc\u00edch, kter\u00e9 n\u00e1\u0161 sbor dobrovoln\u00fdch hasi\u010d\u016f d\u011bl\u00e1 pro obec. Pom\u00e1haj\u00ed p\u0159i stavb\u00e1ch a \u00faprav\u00e1ch d\u011btsk\u00e9ho h\u0159i\u0161t\u011b a z\u00e1vodn\u00edho prostoru pro hasi\u010de, kde pravideln\u011b tr\u00e9nuj\u00ed na p\u0159ek\u00e1\u017ekov\u00e9 dr\u00e1ze a cvi\u010d\u00ed i po\u017e\u00e1rn\u00ed \u00fatoky pod veden\u00edm na\u0161ich vedouc\u00edch.<div class=\"fusion-clearfix\"><\/div><\/div><\/div>\n<h3><span style=\"color: #ff0000;\">Veden\u00ed na\u0161ich Mlad\u00fdch hasi\u010d\u016f<\/span> prob\u00edh\u00e1 v na\u0161em sboru pod taktovkou pro\u0161kolen\u00fdch Vedouc\u00edch ml\u00e1de\u017ee: Ji\u0159ina Lorencov\u00e1, Lucie Mik\u0161ovsk\u00e1, Josef Volf a Petra Kn\u00ed\u017ekov\u00e1. D\u00e1le se aktivn\u011b \u00fa\u010dastn\u00ed i dal\u0161\u00ed na\u0161i \u010dlenov\u00e9 SDH.<\/h3>\n<div class=\"fusion-layout-column fusion_builder_column fusion-builder-column-2 fusion_builder_column_1_1 1_1 fusion-one-full fusion-column-first fusion-column-last\" style=\"margin-top:0px;margin-bottom:20px;\"><div class=\"fusion-column-wrapper fusion-flex-column-wrapper-legacy\" style=\"background-position:left top;background-repeat:no-repeat;-webkit-background-size:cover;-moz-background-size:cover;-o-background-size:cover;background-size:cover;padding: 0px 0px 0px 0px;\">\n<style type=\"text\/css\"><\/style><div class=\"fusion-title title fusion-title-2 fusion-title-text fusion-title-size-three\" style=\"margin-top:0px;margin-right:0px;margin-bottom:31px;margin-left:0px;\"><h3 class=\"title-heading-left\" style=\"margin:0;\">Nejnov\u011bj\u0161\u00ed aktuality na\u0161ich Mlad\u00fdch hasi\u010d\u016f<\/h3><div class=\"title-sep-container\"><div class=\"title-sep sep-double sep-solid\" style=\"border-color:#e0dede;\"><\/div><\/div><\/div>\n<div class=\"fusion-recent-posts fusion-recent-posts-1 avada-container layout-default layout-columns-3\"><section class=\"fusion-columns columns fusion-columns-3 columns-3\"><article class=\"post fusion-column column col col-lg-4 col-md-4 col-sm-4\"><div class=\"fusion-flexslider fusion-flexslider-loading flexslider flexslider-hover-type-none\"><ul class=\"slides\"><li><a href=\"https:\/\/www.sdhsvatepole.cz\/archiv\/zapis-z-valne-hromady-sdh-svate-pole-konane-dne-9-12-2022-v-restauraci-na-chmelnici-ve-svatem-poli\/\" aria-label=\"Z\u00e1pis z valn\u00e9 hromady SDH Svat\u00e9 Pole konan\u00e9 dne 9.12.2022 v Restauraci Na Chmelnici ve Svat\u00e9m Poli\" class=\"hover-type-none\"><img width=\"312\" height=\"441\" src=\"https:\/\/www.sdhsvatepole.cz\/archiv\/wp-content\/uploads\/2022\/12\/Zapis-valne-hromady-SDH-Svate-Pole-2022-1-pdf.jpg\" class=\"attachment-recent-posts size-recent-posts\" alt=\"\" decoding=\"async\" \/><\/a><\/li><\/ul><\/div><div class=\"recent-posts-content\"><h4 class=\"\"><a href=\"https:\/\/www.sdhsvatepole.cz\/archiv\/zapis-z-valne-hromady-sdh-svate-pole-konane-dne-9-12-2022-v-restauraci-na-chmelnici-ve-svatem-poli\/\">Z\u00e1pis z valn\u00e9 hromady SDH Svat\u00e9 Pole konan\u00e9 dne 9.12.2022 v Restauraci Na Chmelnici ve Svat\u00e9m Poli<\/a><\/h4><p class=\"meta\"><span>18 prosince, 2022<\/span><span class=\"fusion-inline-sep\">|<\/span><span class=\"fusion-comments\"><span>Koment\u00e1\u0159e nejsou povolen\u00e9<span class=\"screen-reader-text\"> u textu s n\u00e1zvem Z\u00e1pis z valn\u00e9 hromady SDH Svat\u00e9 Pole konan\u00e9 dne 9.12.2022 v Restauraci Na Chmelnici ve Svat\u00e9m Poli<\/span><\/span><\/span><\/p><p>Dne 9.12.2022 se v restauraci Na Chmelnici ve Svat\u00e9m Poli uskute\u010dnila valn\u00e1 hromada SDH Svat\u00e9 Pole. Z\u00e1pis valn\u00e9 hromady SDH [...]<\/p><\/div><\/article><article class=\"post fusion-column column col col-lg-4 col-md-4 col-sm-4\"><div class=\"fusion-flexslider fusion-flexslider-loading flexslider flexslider-hover-type-none\"><ul class=\"slides\"><li><a href=\"https:\/\/www.sdhsvatepole.cz\/archiv\/tradicni-hasicsky-ples-7-1-2023\/\" aria-label=\"Tradi\u010dn\u00ed hasi\u010dsk\u00fd ples &#8211; 7.1.2023\" class=\"hover-type-none\"><img width=\"623\" height=\"441\" src=\"https:\/\/www.sdhsvatepole.cz\/archiv\/wp-content\/uploads\/2022\/12\/Pozvanka-na-ples-3-pdf.jpg\" class=\"attachment-recent-posts size-recent-posts\" alt=\"\" decoding=\"async\" \/><\/a><\/li><\/ul><\/div><div class=\"recent-posts-content\"><h4 class=\"\"><a href=\"https:\/\/www.sdhsvatepole.cz\/archiv\/tradicni-hasicsky-ples-7-1-2023\/\">Tradi\u010dn\u00ed hasi\u010dsk\u00fd ples &#8211; 7.1.2023<\/a><\/h4><p class=\"meta\"><span>18 prosince, 2022<\/span><span class=\"fusion-inline-sep\">|<\/span><span class=\"fusion-comments\"><span>Koment\u00e1\u0159e nejsou povolen\u00e9<span class=\"screen-reader-text\"> u textu s n\u00e1zvem Tradi\u010dn\u00ed hasi\u010dsk\u00fd ples &#8211; 7.1.2023<\/span><\/span><\/span><\/p><p>Pozv\u00e1nka na ples Tradi\u010dn\u00ed hasi\u010dsk\u00fd ples - 7.1.2023 od 20 hod. P\u0159edprodej vstupenek v restauraci Na Chmelnici<\/p><\/div><\/article><article class=\"post fusion-column column col col-lg-4 col-md-4 col-sm-4\"><div class=\"fusion-flexslider fusion-flexslider-loading flexslider flexslider-hover-type-none\"><ul class=\"slides\"><li><a href=\"https:\/\/www.sdhsvatepole.cz\/archiv\/krajska-soutez-pripravek-sedlcany-stadion-taverny-18-9-2022\/\" aria-label=\"Krajsk\u00e1 sout\u011b\u017e p\u0159\u00edpravek &#8211; Sedl\u010dany (stadion Taverny) &#8211; 18.9.2022\" class=\"hover-type-none\"><img width=\"700\" height=\"441\" src=\"https:\/\/www.sdhsvatepole.cz\/archiv\/wp-content\/uploads\/2022\/09\/IMG-20220918-WA0022-700x441.jpg\" class=\"attachment-recent-posts size-recent-posts\" alt=\"\" decoding=\"async\" srcset=\"https:\/\/www.sdhsvatepole.cz\/archiv\/wp-content\/uploads\/2022\/09\/IMG-20220918-WA0022-320x202.jpg 320w, https:\/\/www.sdhsvatepole.cz\/archiv\/wp-content\/uploads\/2022\/09\/IMG-20220918-WA0022-700x441.jpg 700w\" sizes=\"(max-width: 700px) 100vw, 700px\" \/><\/a><\/li><\/ul><\/div><div class=\"recent-posts-content\"><h4 class=\"\"><a href=\"https:\/\/www.sdhsvatepole.cz\/archiv\/krajska-soutez-pripravek-sedlcany-stadion-taverny-18-9-2022\/\">Krajsk\u00e1 sout\u011b\u017e p\u0159\u00edpravek &#8211; Sedl\u010dany (stadion Taverny) &#8211; 18.9.2022<\/a><\/h4><p class=\"meta\"><span>18 z\u00e1\u0159\u00ed, 2022<\/span><span class=\"fusion-inline-sep\">|<\/span><span class=\"fusion-comments\"><span>Koment\u00e1\u0159e nejsou povolen\u00e9<span class=\"screen-reader-text\"> u textu s n\u00e1zvem Krajsk\u00e1 sout\u011b\u017e p\u0159\u00edpravek &#8211; Sedl\u010dany (stadion Taverny) &#8211; 18.9.2022<\/span><\/span><\/span><\/p><p>V ned\u011bli 18.9.2022 jsme vyrazili s na\u0161imi nejmen\u0161\u00edmi d\u011btmi na krajskou sout\u011b\u017e p\u0159\u00edpravek, kter\u00e1 se konala na stadionu Taverny v [...]<\/p><\/div><\/article><\/section><\/div>\n<h4>Pokud chcete prohl\u00ed\u017eet v\u0161echny \u010dl\u00e1nky&nbsp;o Mlad\u00fdch hasi\u010d\u00edch, klikn\u011bte si na tento odkaz. <a href=\"https:\/\/www.sdhsvatepole.cz\/archiv\/stitky\/mladi-hasici\/\">\u010d\u00edst v\u00edce &gt;<\/a><\/h4>\n<div class=\"fusion-clearfix\"><\/div><\/div><\/div><\/div><style type=\"text\/css\">.fusion-fullwidth.fusion-builder-row-1 { overflow:visible; }<\/style><\/div>\n","protected":false},"excerpt":{"rendered":"<p>V\u00edtejte v sekci v\u011bnovan\u00e9 na\u0161im Mlad\u00fdm hasi\u010d\u016fm SDH Svat\u00e9 Pole. Webov\u00e1 sekce Mlad\u00fdch dobrovoln\u00fdch hasi\u010d\u016f [&hellip;]<\/p>\n","protected":false},"author":3,"featured_media":0,"parent":0,"menu_order":0,"comment_status":"closed","ping_status":"closed","template":"","meta":{"_bbp_topic_count":0,"_bbp_reply_count":0,"_bbp_total_topic_count":0,"_bbp_total_reply_count":0,"_bbp_voice_count":0,"_bbp_anonymous_reply_count":0,"_bbp_topic_count_hidden":0,"_bbp_reply_count_hidden":0,"_bbp_forum_subforum_count":0,"ngg_post_thumbnail":0,"footnotes":""},"_links":{"self":[{"href":"https:\/\/www.sdhsvatepole.cz\/archiv\/wp-json\/wp\/v2\/pages\/8684"}],"collection":[{"href":"https:\/\/www.sdhsvatepole.cz\/archiv\/wp-json\/wp\/v2\/pages"}],"about":[{"href":"https:\/\/www.sdhsvatepole.cz\/archiv\/wp-json\/wp\/v2\/types\/page"}],"author":[{"embeddable":true,"href":"https:\/\/www.sdhsvatepole.cz\/archiv\/wp-json\/wp\/v2\/users\/3"}],"replies":[{"embeddable":true,"href":"https:\/\/www.sdhsvatepole.cz\/archiv\/wp-json\/wp\/v2\/comments?post=8684"}],"version-history":[{"count":52,"href":"https:\/\/www.sdhsvatepole.cz\/archiv\/wp-json\/wp\/v2\/pages\/8684\/revisions"}],"predecessor-version":[{"id":10522,"href":"https:\/\/www.sdhsvatepole.cz\/archiv\/wp-json\/wp\/v2\/pages\/8684\/revisions\/10522"}],"wp:attachment":[{"href":"https:\/\/www.sdhsvatepole.cz\/archiv\/wp-json\/wp\/v2\/media?parent=8684"}],"curies":[{"name":"wp","href":"https:\/\/api.w.org\/{rel}","templated":true}]}}