{"id":7019,"date":"2015-09-01T11:03:30","date_gmt":"2015-09-01T09:03:30","guid":{"rendered":"http:\/\/www.sdhsvatepole.cz\/?page_id=7019"},"modified":"2019-08-25T17:56:39","modified_gmt":"2019-08-25T15:56:39","slug":"sponzori","status":"publish","type":"page","link":"https:\/\/www.sdhsvatepole.cz\/archiv\/sponzori\/","title":{"rendered":"Sponzo\u0159i"},"content":{"rendered":"<h3>Na\u0161e organizace je slo\u017een\u00e1 z dobrovoln\u00edk\u016f, &nbsp;je nev\u00fdd\u011ble\u010dn\u00e1 a jeliko\u017e se sna\u017e\u00edme udr\u017eovat na\u0161\u00ed hasi\u010dskou techniku a vybaven\u00ed na\u0161eho sportovn\u00edho t\u00fdmu na \u00farovni, abychom mohli \u0159\u00e1dn\u011b zastupovat na\u0161\u00ed obec, oce\u0148ujeme ka\u017ed\u00fd sponzorsk\u00fd dar, kter\u00fd je na\u0161emu sdru\u017een\u00ed v\u011bnov\u00e1n. Krom\u011b na\u0161\u00ed obce, kter\u00e1 n\u00e1s podporuje m\u00e1me i sv\u00e9 sponzory. N\u00ed\u017ee je seznam na\u0161ich sponzor\u016f, kte\u0159\u00ed n\u00e1m pom\u00e1haj\u00ed sv\u00fdmi sponzorsk\u00fdmi dary ke kvalitn\u00edmu chodu na\u0161eho sdru\u017een\u00ed.<\/h3>\n<div class=\"fusion-sep-clear\"><\/div><div class=\"fusion-separator fusion-full-width-sep\" style=\"margin-left: auto;margin-right: auto;margin-top:-5px;margin-bottom:-5px;width:100%;\"><\/div><div class=\"fusion-sep-clear\"><\/div>\n<style type=\"text\/css\"><\/style><div class=\"fusion-title title fusion-title-1 fusion-title-text fusion-title-size-three\" style=\"margin-top:0px;margin-right:0px;margin-bottom:31px;margin-left:0px;\"><h3 class=\"title-heading-left\" style=\"margin:0;\"><span style=\"color: #ff0000;\">Sponzo\u0159i SDH Svat\u00e9 Pole<\/span><\/h3><div class=\"title-sep-container\"><div class=\"title-sep sep-double sep-solid\" style=\"border-color:#e0dede;\"><\/div><\/div><\/div>\n<h3>Prezentace pro sponzory: <a href=\"https:\/\/www.sdhsvatepole.cz\/archiv\/wp-content\/uploads\/2019\/08\/Prezentace-pro-sponzory-SDH-Svate\u0301-Pole.pdf\" target=\"_blank\" rel=\"noopener noreferrer\">zde ke sta\u017een\u00ed<\/a><\/h3>\n<p><strong><a href=\"https:\/\/www.sdhsvatepole.cz\/archiv\/wp-content\/uploads\/2019\/08\/Obec-Svate-Pole.jpg\"><img decoding=\"async\" class=\"size-full wp-image-8541 alignleft\" src=\"https:\/\/www.sdhsvatepole.cz\/archiv\/wp-content\/uploads\/2019\/08\/Obec-Svate-Pole.jpg\" alt=\"\" width=\"400\" height=\"187\" srcset=\"https:\/\/www.sdhsvatepole.cz\/archiv\/wp-content\/uploads\/2019\/08\/Obec-Svate-Pole-300x140.jpg 300w, https:\/\/www.sdhsvatepole.cz\/archiv\/wp-content\/uploads\/2019\/08\/Obec-Svate-Pole.jpg 400w\" sizes=\"(max-width: 400px) 100vw, 400px\" \/><\/a>Obec Svat\u00e9 Pole &#8211; hlavn\u00ed sponzor<br \/>\n<\/strong><span style=\"line-height: 1.5;\">Svat\u00e9 Pole 36,&nbsp;263 01 Dob\u0159\u00ed\u0161<br \/>\n<\/span><span style=\"line-height: 1.5;\">pevn\u00e1 linka: 318 586 266<br \/>\nJosef \u0160imonovsk\u00fd, starosta (mobil:&nbsp;736 623 932)<br \/>\n<\/span><span style=\"line-height: 1.5;\">e-mail:&nbsp;<\/span><a class=\"notranslate\" style=\"line-height: 1.5;\" href=\"mailto:obecsvatepole@post.cz\">obecsvatepole@post.cz<\/a><br \/>\nURL: <a href=\"http:\/\/svatepole.eu\/\" target=\"_blank\" rel=\"noopener noreferrer\">www.svatepole.eu<\/a><\/p>\n<p>&nbsp;<\/p>\n<p>&nbsp;<\/p>\n<p><strong><a href=\"https:\/\/www.sdhsvatepole.cz\/archiv\/wp-content\/uploads\/2019\/08\/Stas-Dobris.jpg\"><img decoding=\"async\" class=\"size-full wp-image-8544 alignleft\" src=\"https:\/\/www.sdhsvatepole.cz\/archiv\/wp-content\/uploads\/2019\/08\/Stas-Dobris.jpg\" alt=\"\" width=\"400\" height=\"187\" srcset=\"https:\/\/www.sdhsvatepole.cz\/archiv\/wp-content\/uploads\/2019\/08\/Stas-Dobris-300x140.jpg 300w, https:\/\/www.sdhsvatepole.cz\/archiv\/wp-content\/uploads\/2019\/08\/Stas-Dobris.jpg 400w\" sizes=\"(max-width: 400px) 100vw, 400px\" \/><\/a>STAS Dob\u0159\u00ed\u0161, kompletn\u00ed dod\u00e1vka staveb<\/strong><br \/>\nRekonstrukce, stavby, projektov\u00e1 dokumentace<br \/>\nPr\u016fmyslov\u00e9 a administrativn\u00ed stavby, bytov\u00e1 v\u00fdstavba<br \/>\nSvat\u00e9 Pole 135, 263 01 Dob\u0159\u00ed\u0161<br \/>\nmobil: 736 623 932 &#8211; Josef \u0160imonovsk\u00fd, jednatel<br \/>\ne-mail: <span class=\"s3\"><a href=\"mailto:stasdobris@post.cz\">stasdobris@post.cz<\/a><\/span><\/p>\n<p>&nbsp;<\/p>\n<p>&nbsp;<\/p>\n<p><strong><a href=\"https:\/\/www.sdhsvatepole.cz\/archiv\/wp-content\/uploads\/2019\/08\/Josef-Pecka.jpg\"><img decoding=\"async\" class=\"size-full wp-image-8540 alignleft\" src=\"https:\/\/www.sdhsvatepole.cz\/archiv\/wp-content\/uploads\/2019\/08\/Josef-Pecka.jpg\" alt=\"\" width=\"400\" height=\"187\" srcset=\"https:\/\/www.sdhsvatepole.cz\/archiv\/wp-content\/uploads\/2019\/08\/Josef-Pecka-300x140.jpg 300w, https:\/\/www.sdhsvatepole.cz\/archiv\/wp-content\/uploads\/2019\/08\/Josef-Pecka.jpg 400w\" sizes=\"(max-width: 400px) 100vw, 400px\" \/><\/a>Josef Pecka AUTOSERVIS &#8211; PNEUSERVIS<\/strong><br \/>\nOpravy vozidel, v\u00fdm\u011bny n\u00e1pln\u00ed a proveden\u00ed STK<br \/>\nKompletn\u00ed pneuservis, opravy bouran\u00fdch vozidel<br \/>\nSvat\u00e9 Pole 88, 263 01 Dob\u0159\u00ed\u0161<br \/>\nmobil: 603 550 583<br \/>\ne-mail:&nbsp;<span class=\"s1\"><a href=\"mailto:peckajosef@email.cz\">peckajosef@email.cz<\/a><\/span><\/p>\n<p>&nbsp;<\/p>\n<p>&nbsp;<\/p>\n<p><strong><a href=\"https:\/\/www.sdhsvatepole.cz\/archiv\/wp-content\/uploads\/2019\/08\/Strechy-Ricar.jpg\"><img decoding=\"async\" class=\"size-full wp-image-8545 alignleft\" src=\"https:\/\/www.sdhsvatepole.cz\/archiv\/wp-content\/uploads\/2019\/08\/Strechy-Ricar.jpg\" alt=\"\" width=\"400\" height=\"187\" srcset=\"https:\/\/www.sdhsvatepole.cz\/archiv\/wp-content\/uploads\/2019\/08\/Strechy-Ricar-300x140.jpg 300w, https:\/\/www.sdhsvatepole.cz\/archiv\/wp-content\/uploads\/2019\/08\/Strechy-Ricar.jpg 400w\" sizes=\"(max-width: 400px) 100vw, 400px\" \/><\/a>Josef \u0158\u00ed\u010da\u0159 &#8211; ST\u0158ECHY<br \/>\n<\/strong>Prov\u00e1d\u011bn\u00ed v\u00fd\u0161kov\u00fdch, zednick\u00fdch, klemp\u00ed\u0159sk\u00fdch, nat\u011bra\u010dsk\u00fdch, pokr\u00fdva\u010dsk\u00fdch a mal\u00ed\u0159sk\u00fdch prac\u00ed.<br \/>\nNarysovsk\u00e1 618, 26101 P\u0159\u00edbram V-Zdabo\u0159<br \/>\nmobil: 777 240 810<br \/>\ne-mail: <a href=\"mailto:josefricar1@gmail.com\">josefricar1@gmail.com<\/a>&nbsp;<br \/>\nURL: <a href=\"http:\/\/pepimbo.sweb.cz\/\">www.pepimbo.sweb.cz<\/a>&nbsp;<\/p>\n<p>&nbsp;<\/p>\n<p>&nbsp;<\/p>\n<p><strong><a href=\"https:\/\/www.sdhsvatepole.cz\/archiv\/wp-content\/uploads\/2019\/08\/Abies-Vimmer.jpg\"><img decoding=\"async\" class=\"size-full wp-image-8538 alignleft\" src=\"https:\/\/www.sdhsvatepole.cz\/archiv\/wp-content\/uploads\/2019\/08\/Abies-Vimmer.jpg\" alt=\"\" width=\"400\" height=\"187\" srcset=\"https:\/\/www.sdhsvatepole.cz\/archiv\/wp-content\/uploads\/2019\/08\/Abies-Vimmer-300x140.jpg 300w, https:\/\/www.sdhsvatepole.cz\/archiv\/wp-content\/uploads\/2019\/08\/Abies-Vimmer.jpg 400w\" sizes=\"(max-width: 400px) 100vw, 400px\" \/><\/a>ABIES &#8211; V\u00e1clav Vimmer &#8211; zahradnictv\u00ed<\/strong><br \/>\nProjektov\u00e1n\u00ed, realizace a \u00fadr\u017eba zahrad<br \/>\nZ\u00e1meck\u00fd park \u010d.655,&nbsp;263 01 Dob\u0159\u00ed\u0161<br \/>\nmobil: 603 912 794<br \/>\ne-mail:&nbsp;<a href=\"mailto:vaclav.vimmer@seznam.cz\">vaclav.vimmer@seznam.cz<br \/>\n<\/a>URL: <a href=\"http:\/\/vaclav.vimmer.sweb.cz\/\" target=\"_blank\" rel=\"noopener noreferrer\">www.vaclav.vimmer.sweb.cz<\/a><\/p>\n<p>&nbsp;<\/p>\n<p>&nbsp;<\/p>\n<p><strong><a href=\"https:\/\/www.sdhsvatepole.cz\/archiv\/wp-content\/uploads\/2019\/08\/Vaclav-Sklenar-Libicer.jpg\"><img decoding=\"async\" class=\"size-full wp-image-8546 alignleft\" src=\"https:\/\/www.sdhsvatepole.cz\/archiv\/wp-content\/uploads\/2019\/08\/Vaclav-Sklenar-Libicer.jpg\" alt=\"\" width=\"400\" height=\"187\" srcset=\"https:\/\/www.sdhsvatepole.cz\/archiv\/wp-content\/uploads\/2019\/08\/Vaclav-Sklenar-Libicer-300x140.jpg 300w, https:\/\/www.sdhsvatepole.cz\/archiv\/wp-content\/uploads\/2019\/08\/Vaclav-Sklenar-Libicer.jpg 400w\" sizes=\"(max-width: 400px) 100vw, 400px\" \/><\/a>V\u00e1clav Sklen\u00e1\u0159 &#8211; STAVBY<\/strong><br \/>\nProv\u00e1d\u011bn\u00ed ve\u0161ker\u00e9 stavebn\u00ed \u010dinnosti, novostavby na kl\u00ed\u010d a rekonstrukce bytov\u00fdch i nebytov\u00fdch objekt\u016f.<br \/>\nLibice 21, 26301 Rybn\u00edky<br class=\"precisebr\">mobil: 607 279 119<br \/>\ne-mail: <a href=\"mailto:venca.sklenar@volny.cz\">venca.sklenar@volny.cz&nbsp;<\/a><\/p>\n<p>&nbsp;<\/p>\n<p>&nbsp;<\/p>\n<p><strong><a href=\"https:\/\/www.sdhsvatepole.cz\/archiv\/wp-content\/uploads\/2019\/08\/CIZOP-dobris.jpg\"><img decoding=\"async\" class=\"size-full wp-image-8539 alignleft\" src=\"https:\/\/www.sdhsvatepole.cz\/archiv\/wp-content\/uploads\/2019\/08\/CIZOP-dobris.jpg\" alt=\"\" width=\"400\" height=\"187\" srcset=\"https:\/\/www.sdhsvatepole.cz\/archiv\/wp-content\/uploads\/2019\/08\/CIZOP-dobris-300x140.jpg 300w, https:\/\/www.sdhsvatepole.cz\/archiv\/wp-content\/uploads\/2019\/08\/CIZOP-dobris.jpg 400w\" sizes=\"(max-width: 400px) 100vw, 400px\" \/><\/a>Velkoobchod s obaly a obalov\u00fdmi materi\u00e1ly CIZOP<br \/>\n<\/strong>Anensk\u00e1 1640,&nbsp;263 01 Dob\u0159\u00ed\u0161<br \/>\ntel.\/z\u00e1zn.\/fax: 318 523 116<br \/>\nmobil: 602 692 288 &#8211; Ing. V\u00e1clav Vlk<strong><br \/>\n<\/strong>e-mail: <strong><a href=\"mailto:obaly-vlk@o2active.cz\">obaly-vlk@o2active.cz<\/a>,&nbsp;<\/strong>e-mail: <strong><a href=\"mailto:obaly@cizop.cz\">obaly@cizop.cz<br \/>\n<\/a><\/strong><span style=\"line-height: 1.5;\">URL:&nbsp;<\/span><strong><a style=\"line-height: 1.5;\" href=\"http:\/\/cizop.cz\/\" target=\"_blank\" rel=\"noopener noreferrer\">www.cizop.cz<\/a><\/strong><\/p>\n<p>&nbsp;<\/p>\n<p>&nbsp;<\/p>\n<p><strong><a href=\"https:\/\/www.sdhsvatepole.cz\/archiv\/wp-content\/uploads\/2019\/08\/Restaurace-Na-Chmelnici.jpg\"><img decoding=\"async\" class=\"size-full wp-image-8543 alignleft\" src=\"https:\/\/www.sdhsvatepole.cz\/archiv\/wp-content\/uploads\/2019\/08\/Restaurace-Na-Chmelnici.jpg\" alt=\"\" width=\"400\" height=\"187\" srcset=\"https:\/\/www.sdhsvatepole.cz\/archiv\/wp-content\/uploads\/2019\/08\/Restaurace-Na-Chmelnici-300x140.jpg 300w, https:\/\/www.sdhsvatepole.cz\/archiv\/wp-content\/uploads\/2019\/08\/Restaurace-Na-Chmelnici.jpg 400w\" sizes=\"(max-width: 400px) 100vw, 400px\" \/><\/a>Restaurace Na Chmelnici<\/strong><br \/>\nSvat\u00e9 Pole 62, 26301<br \/>\nNab\u00eddka studen\u00fdch a tepl\u00fdch j\u00eddel, alkoholick\u00fdch i nealkoholick\u00fdch n\u00e1poj\u016f. K dispozici je s\u00e1l s kapacitou 300 m\u00edst. Objekt je vybaven salonkem a zahr\u00e1dkou.<br \/>\nmobil: 602 459 210<strong><br \/>\n<\/strong>e-mail: <a href=\"mailto:svagrmira@seznam.cz\">svagrmira@seznam.cz<\/a><\/p>\n<p>&nbsp;<\/p>\n<p>&nbsp;<\/p>\n<p><strong><a href=\"https:\/\/www.sdhsvatepole.cz\/archiv\/wp-content\/uploads\/2019\/08\/PS2000.jpg\"><img decoding=\"async\" class=\"size-full wp-image-8542 alignleft\" src=\"https:\/\/www.sdhsvatepole.cz\/archiv\/wp-content\/uploads\/2019\/08\/PS2000.jpg\" alt=\"\" width=\"400\" height=\"187\" srcset=\"https:\/\/www.sdhsvatepole.cz\/archiv\/wp-content\/uploads\/2019\/08\/PS2000-300x140.jpg 300w, https:\/\/www.sdhsvatepole.cz\/archiv\/wp-content\/uploads\/2019\/08\/PS2000.jpg 400w\" sizes=\"(max-width: 400px) 100vw, 400px\" \/><\/a>PS2000 s.r.o. &#8211; \u00da\u010cETN\u00cd CENTRUM<\/strong><br \/>\nM\u00edrov\u00e9 n\u00e1m\u011bst\u00ed 1725, 26301 Dob\u0159\u00ed\u0161<br \/>\n\u00da\u010detn\u00ed slu\u017eby a poradenstv\u00ed, ekonomick\u00e9 a finan\u010dn\u00ed anal\u00fdzy, veden\u00ed mzdov\u00e9ho \u00fa\u010detnictv\u00ed, person\u00e1ln\u00ed poradenstv\u00ed, da\u0148ov\u00e9 poradenstv\u00ed, zaji\u0161t\u011bn\u00ed fakturace, spr\u00e1va pohled\u00e1vek.<br \/>\nmobil: 603 561 010<br \/>\ne-mail: <a href=\"mailto:info@ps2000.cz\">ucto@ps2000.cz<\/a><br \/>\nURL: <a href=\"https:\/\/www.ps2000.cz\">www.ps2000.cz<\/a><\/p>\n<p>&nbsp;<\/p>\n<p><strong><a href=\"https:\/\/www.sdhsvatepole.cz\/archiv\/wp-content\/uploads\/2019\/08\/Wellnes-centrum-SVP.jpg\"><img decoding=\"async\" class=\"size-full wp-image-8547 alignleft\" src=\"https:\/\/www.sdhsvatepole.cz\/archiv\/wp-content\/uploads\/2019\/08\/Wellnes-centrum-SVP.jpg\" alt=\"\" width=\"400\" height=\"187\" srcset=\"https:\/\/www.sdhsvatepole.cz\/archiv\/wp-content\/uploads\/2019\/08\/Wellnes-centrum-SVP-300x140.jpg 300w, https:\/\/www.sdhsvatepole.cz\/archiv\/wp-content\/uploads\/2019\/08\/Wellnes-centrum-SVP.jpg 400w\" sizes=\"(max-width: 400px) 100vw, 400px\" \/><\/a>Wellness a rehabilitace&nbsp;Svat\u00e9 Pole<\/strong><br \/>\nSvat\u00e9 Pole 41,&nbsp;263 01 Dob\u0159\u00ed\u0161<br \/>\npevn\u00e1 linka:&nbsp;318 596 065<br \/>\nmobil:&nbsp;724 323 666<br \/>\ne-mail:&nbsp;<a href=\"mailto:p.kozohorsky@wellness-svp.cz\">p.kozohorsky@wellness-svp.cz<\/a><br \/>\nURL:&nbsp;<a href=\"http:\/\/www.wellness-svp.cz\/\" target=\"_blank\" rel=\"noopener noreferrer\">www.wellness-svp.cz<\/a><\/p>\n<p>&nbsp;<\/p>\n<p>&nbsp;<\/p>\n<h3>Prezentace pro sponzory: <a href=\"https:\/\/www.sdhsvatepole.cz\/archiv\/wp-content\/uploads\/2019\/08\/Prezentace-pro-sponzory-SDH-Svate\u0301-Pole.pdf\" target=\"_blank\" rel=\"noopener noreferrer\">zde ke sta\u017een\u00ed<\/a><\/h3>\n","protected":false},"excerpt":{"rendered":"<p>Na\u0161e organizace je slo\u017een\u00e1 z dobrovoln\u00edk\u016f, &nbsp;je nev\u00fdd\u011ble\u010dn\u00e1 a jeliko\u017e se sna\u017e\u00edme udr\u017eovat na\u0161\u00ed hasi\u010dskou [&hellip;]<\/p>\n","protected":false},"author":3,"featured_media":0,"parent":0,"menu_order":0,"comment_status":"closed","ping_status":"closed","template":"","meta":{"_bbp_topic_count":0,"_bbp_reply_count":0,"_bbp_total_topic_count":0,"_bbp_total_reply_count":0,"_bbp_voice_count":0,"_bbp_anonymous_reply_count":0,"_bbp_topic_count_hidden":0,"_bbp_reply_count_hidden":0,"_bbp_forum_subforum_count":0,"ngg_post_thumbnail":0,"footnotes":""},"_links":{"self":[{"href":"https:\/\/www.sdhsvatepole.cz\/archiv\/wp-json\/wp\/v2\/pages\/7019"}],"collection":[{"href":"https:\/\/www.sdhsvatepole.cz\/archiv\/wp-json\/wp\/v2\/pages"}],"about":[{"href":"https:\/\/www.sdhsvatepole.cz\/archiv\/wp-json\/wp\/v2\/types\/page"}],"author":[{"embeddable":true,"href":"https:\/\/www.sdhsvatepole.cz\/archiv\/wp-json\/wp\/v2\/users\/3"}],"replies":[{"embeddable":true,"href":"https:\/\/www.sdhsvatepole.cz\/archiv\/wp-json\/wp\/v2\/comments?post=7019"}],"version-history":[{"count":90,"href":"https:\/\/www.sdhsvatepole.cz\/archiv\/wp-json\/wp\/v2\/pages\/7019\/revisions"}],"predecessor-version":[{"id":8639,"href":"https:\/\/www.sdhsvatepole.cz\/archiv\/wp-json\/wp\/v2\/pages\/7019\/revisions\/8639"}],"wp:attachment":[{"href":"https:\/\/www.sdhsvatepole.cz\/archiv\/wp-json\/wp\/v2\/media?parent=7019"}],"curies":[{"name":"wp","href":"https:\/\/api.w.org\/{rel}","templated":true}]}}