{"id":3698,"date":"2013-05-24T20:06:42","date_gmt":"2013-05-24T20:06:42","guid":{"rendered":"http:\/\/theme-fusion.com\/avadaxml\/?page_id=3698"},"modified":"2019-08-27T17:03:52","modified_gmt":"2019-08-27T15:03:52","slug":"historie","status":"publish","type":"page","link":"https:\/\/www.sdhsvatepole.cz\/archiv\/historie\/","title":{"rendered":"Historie"},"content":{"rendered":"<h3 class=\"p1\"><b><span style=\"color: #ff0000;\">Zde&nbsp;jsou zobrazeny historick\u00e9 ud\u00e1losti<\/span>, kter\u00e9 maj\u00ed velk\u00fd v\u00fdznam pro sdru\u017een\u00ed dobrovoln\u00fdch hasi\u010d\u016f Svat\u00e9ho Pole. \u010casov\u00e1 osa za\u010d\u00edn\u00e1 zcela dole rokem 1352 informacemi o obci a rokem 1900, kdy byl zalo\u017een m\u00edstn\u00ed sbor dobrovoln\u00fdch hasi\u010d\u016f. Nejnov\u011bj\u0161\u00ed historick\u00e9 ud\u00e1losti jsou zobrazeny pod t\u00edmto textem.<\/b><\/h3>\n<p>[wp_blog_designer]<\/p>\n","protected":false},"excerpt":{"rendered":"<p>Zde&nbsp;jsou zobrazeny historick\u00e9 ud\u00e1losti, kter\u00e9 maj\u00ed velk\u00fd v\u00fdznam pro sdru\u017een\u00ed dobrovoln\u00fdch hasi\u010d\u016f Svat\u00e9ho Pole. \u010casov\u00e1 [&hellip;]<\/p>\n","protected":false},"author":1,"featured_media":0,"parent":0,"menu_order":0,"comment_status":"closed","ping_status":"closed","template":"full-width.php","meta":{"_bbp_topic_count":0,"_bbp_reply_count":0,"_bbp_total_topic_count":0,"_bbp_total_reply_count":0,"_bbp_voice_count":0,"_bbp_anonymous_reply_count":0,"_bbp_topic_count_hidden":0,"_bbp_reply_count_hidden":0,"_bbp_forum_subforum_count":0,"ngg_post_thumbnail":0,"footnotes":""},"_links":{"self":[{"href":"https:\/\/www.sdhsvatepole.cz\/archiv\/wp-json\/wp\/v2\/pages\/3698"}],"collection":[{"href":"https:\/\/www.sdhsvatepole.cz\/archiv\/wp-json\/wp\/v2\/pages"}],"about":[{"href":"https:\/\/www.sdhsvatepole.cz\/archiv\/wp-json\/wp\/v2\/types\/page"}],"author":[{"embeddable":true,"href":"https:\/\/www.sdhsvatepole.cz\/archiv\/wp-json\/wp\/v2\/users\/1"}],"replies":[{"embeddable":true,"href":"https:\/\/www.sdhsvatepole.cz\/archiv\/wp-json\/wp\/v2\/comments?post=3698"}],"version-history":[{"count":46,"href":"https:\/\/www.sdhsvatepole.cz\/archiv\/wp-json\/wp\/v2\/pages\/3698\/revisions"}],"predecessor-version":[{"id":8666,"href":"https:\/\/www.sdhsvatepole.cz\/archiv\/wp-json\/wp\/v2\/pages\/3698\/revisions\/8666"}],"wp:attachment":[{"href":"https:\/\/www.sdhsvatepole.cz\/archiv\/wp-json\/wp\/v2\/media?parent=3698"}],"curies":[{"name":"wp","href":"https:\/\/api.w.org\/{rel}","templated":true}]}}