{"id":1345,"date":"2012-11-10T03:12:49","date_gmt":"2012-11-10T03:12:49","guid":{"rendered":"http:\/\/theme-fusion.com\/avadatest\/?page_id=1345"},"modified":"2023-04-27T17:59:30","modified_gmt":"2023-04-27T15:59:30","slug":"home-version-1","status":"publish","type":"page","link":"https:\/\/www.sdhsvatepole.cz\/archiv\/","title":{"rendered":"Home"},"content":{"rendered":"<h3>Toto je arch\u00edv p\u016fvodn\u00edho webu. Aktu\u00e1ln\u011b prob\u00edh\u00e1 tvorba nov\u00e9ho.<\/h3>\n<h3>&#8212;<\/h3>\n<h3 style=\"text-align: justify;\"><span style=\"color: #ff0000;\">V\u00edtejte na str\u00e1nk\u00e1ch ofici\u00e1ln\u00edho webu SDH Svat\u00e9 Pole.<\/span> Webov\u00e1 prezentace dobrovoln\u00fdch hasi\u010d\u016f ze Svat\u00e9ho Pole je informa\u010dn\u00ed m\u00edsto o d\u011bn\u00ed v tomto sboru. Je zde historie SDH Svat\u00e9 Pole a informace o akc\u00edch a \u010dinnosti tohoto sdru\u017een\u00ed. M\u016f\u017eete proch\u00e1zet fotogalerie a videa z akc\u00ed, \u010dl\u00e1nky o hasizmu a po\u017e\u00e1rn\u00edm sportu, kter\u00e9mu se na\u0161i z\u00e1vodn\u00edci v\u011bnuj\u00ed. SDH Svat\u00e9 Pole je organizace, zam\u011b\u0159uj\u00edc\u00ed se p\u0159edev\u0161\u00edm na prosp\u011b\u0161nou a sportovn\u00ed \u010dinnost.<\/h3>\n<p style=\"text-align: justify;\"><div class=\"fusion-fullwidth fullwidth-box fusion-builder-row-1 hundred-percent-fullwidth non-hundred-percent-height-scrolling\" style=\"background-color: rgba(255,255,255,0);background-position: center center;background-repeat: no-repeat;padding-top:0px;padding-right:0px;padding-bottom:0px;padding-left:0px;margin-bottom: 0px;margin-top: 0px;border-width: 0px 0px 0px 0px;border-color:#eae9e9;border-style:solid;\" ><div class=\"fusion-builder-row fusion-row\"><div class=\"fusion-layout-column fusion_builder_column fusion-builder-column-0 fusion_builder_column_3_4 3_4 fusion-three-fourth fusion-column-first\" style=\"width:75%;width:calc(75% - ( ( 4% ) * 0.75 ) );margin-right: 4%;margin-top:0px;margin-bottom:20px;\"><div class=\"fusion-column-wrapper fusion-flex-column-wrapper-legacy\" style=\"background-position:left top;background-repeat:no-repeat;-webkit-background-size:cover;-moz-background-size:cover;-o-background-size:cover;background-size:cover;padding: 0px 0px 0px 0px;\">\n<style type=\"text\/css\"><\/style><div class=\"fusion-title title fusion-title-1 fusion-title-text fusion-title-size-three\" style=\"margin-top:0px;margin-right:0px;margin-bottom:31px;margin-left:0px;\"><h3 class=\"title-heading-left\" style=\"margin:0;\">Nejnov\u011bj\u0161\u00ed aktuality<\/h3><div class=\"title-sep-container\"><div class=\"title-sep sep-double sep-solid\" style=\"border-color:#e0dede;\"><\/div><\/div><\/div>\n<div class=\"fusion-recent-posts fusion-recent-posts-1 avada-container layout-default layout-columns-3\"><section class=\"fusion-columns columns fusion-columns-3 columns-3\"><article class=\"post fusion-column column col col-lg-4 col-md-4 col-sm-4\"><div class=\"fusion-flexslider fusion-flexslider-loading flexslider flexslider-hover-type-none\"><ul class=\"slides\"><li><a href=\"https:\/\/www.sdhsvatepole.cz\/archiv\/zapis-z-valne-hromady-sdh-svate-pole-konane-dne-9-12-2022-v-restauraci-na-chmelnici-ve-svatem-poli\/\" aria-label=\"Z\u00e1pis z valn\u00e9 hromady SDH Svat\u00e9 Pole konan\u00e9 dne 9.12.2022 v Restauraci Na Chmelnici ve Svat\u00e9m Poli\" class=\"hover-type-none\"><img width=\"312\" height=\"441\" src=\"https:\/\/www.sdhsvatepole.cz\/archiv\/wp-content\/uploads\/2022\/12\/Zapis-valne-hromady-SDH-Svate-Pole-2022-1-pdf.jpg\" class=\"attachment-recent-posts size-recent-posts\" alt=\"\" decoding=\"async\" \/><\/a><\/li><\/ul><\/div><div class=\"recent-posts-content\"><h4 class=\"\"><a href=\"https:\/\/www.sdhsvatepole.cz\/archiv\/zapis-z-valne-hromady-sdh-svate-pole-konane-dne-9-12-2022-v-restauraci-na-chmelnici-ve-svatem-poli\/\">Z\u00e1pis z valn\u00e9 hromady SDH Svat\u00e9 Pole konan\u00e9 dne 9.12.2022 v Restauraci Na Chmelnici ve Svat\u00e9m Poli<\/a><\/h4><p class=\"meta\"><span>18 prosince, 2022<\/span><span class=\"fusion-inline-sep\">|<\/span><span class=\"fusion-comments\"><span>Koment\u00e1\u0159e nejsou povolen\u00e9<span class=\"screen-reader-text\"> u textu s n\u00e1zvem Z\u00e1pis z valn\u00e9 hromady SDH Svat\u00e9 Pole konan\u00e9 dne 9.12.2022 v Restauraci Na Chmelnici ve Svat\u00e9m Poli<\/span><\/span><\/span><\/p><p>Dne 9.12.2022 se v restauraci Na Chmelnici ve Svat\u00e9m Poli [...]<\/p><\/div><\/article><article class=\"post fusion-column column col col-lg-4 col-md-4 col-sm-4\"><div class=\"fusion-flexslider fusion-flexslider-loading flexslider flexslider-hover-type-none\"><ul class=\"slides\"><li><a href=\"https:\/\/www.sdhsvatepole.cz\/archiv\/tradicni-hasicsky-ples-7-1-2023\/\" aria-label=\"Tradi\u010dn\u00ed hasi\u010dsk\u00fd ples &#8211; 7.1.2023\" class=\"hover-type-none\"><img width=\"623\" height=\"441\" src=\"https:\/\/www.sdhsvatepole.cz\/archiv\/wp-content\/uploads\/2022\/12\/Pozvanka-na-ples-3-pdf.jpg\" class=\"attachment-recent-posts size-recent-posts\" alt=\"\" decoding=\"async\" \/><\/a><\/li><\/ul><\/div><div class=\"recent-posts-content\"><h4 class=\"\"><a href=\"https:\/\/www.sdhsvatepole.cz\/archiv\/tradicni-hasicsky-ples-7-1-2023\/\">Tradi\u010dn\u00ed hasi\u010dsk\u00fd ples &#8211; 7.1.2023<\/a><\/h4><p class=\"meta\"><span>18 prosince, 2022<\/span><span class=\"fusion-inline-sep\">|<\/span><span class=\"fusion-comments\"><span>Koment\u00e1\u0159e nejsou povolen\u00e9<span class=\"screen-reader-text\"> u textu s n\u00e1zvem Tradi\u010dn\u00ed hasi\u010dsk\u00fd ples &#8211; 7.1.2023<\/span><\/span><\/span><\/p><p>Pozv\u00e1nka na ples Tradi\u010dn\u00ed hasi\u010dsk\u00fd ples - 7.1.2023 od 20 [...]<\/p><\/div><\/article><article class=\"post fusion-column column col col-lg-4 col-md-4 col-sm-4\"><div class=\"fusion-flexslider fusion-flexslider-loading flexslider flexslider-hover-type-none\"><ul class=\"slides\"><li><a href=\"https:\/\/www.sdhsvatepole.cz\/archiv\/krajska-soutez-pripravek-sedlcany-stadion-taverny-18-9-2022\/\" aria-label=\"Krajsk\u00e1 sout\u011b\u017e p\u0159\u00edpravek &#8211; Sedl\u010dany (stadion Taverny) &#8211; 18.9.2022\" class=\"hover-type-none\"><img width=\"700\" height=\"441\" src=\"https:\/\/www.sdhsvatepole.cz\/archiv\/wp-content\/uploads\/2022\/09\/IMG-20220918-WA0022-700x441.jpg\" class=\"attachment-recent-posts size-recent-posts\" alt=\"\" decoding=\"async\" srcset=\"https:\/\/www.sdhsvatepole.cz\/archiv\/wp-content\/uploads\/2022\/09\/IMG-20220918-WA0022-320x202.jpg 320w, https:\/\/www.sdhsvatepole.cz\/archiv\/wp-content\/uploads\/2022\/09\/IMG-20220918-WA0022-700x441.jpg 700w\" sizes=\"(max-width: 700px) 100vw, 700px\" \/><\/a><\/li><\/ul><\/div><div class=\"recent-posts-content\"><h4 class=\"\"><a href=\"https:\/\/www.sdhsvatepole.cz\/archiv\/krajska-soutez-pripravek-sedlcany-stadion-taverny-18-9-2022\/\">Krajsk\u00e1 sout\u011b\u017e p\u0159\u00edpravek &#8211; Sedl\u010dany (stadion Taverny) &#8211; 18.9.2022<\/a><\/h4><p class=\"meta\"><span>18 z\u00e1\u0159\u00ed, 2022<\/span><span class=\"fusion-inline-sep\">|<\/span><span class=\"fusion-comments\"><span>Koment\u00e1\u0159e nejsou povolen\u00e9<span class=\"screen-reader-text\"> u textu s n\u00e1zvem Krajsk\u00e1 sout\u011b\u017e p\u0159\u00edpravek &#8211; Sedl\u010dany (stadion Taverny) &#8211; 18.9.2022<\/span><\/span><\/span><\/p><p>V ned\u011bli 18.9.2022 jsme vyrazili s na\u0161imi nejmen\u0161\u00edmi d\u011btmi na [...]<\/p><\/div><\/article><\/section><\/div>\n<div class=\"fusion-clearfix\"><\/div><\/div><\/div>\n<div class=\"fusion-layout-column fusion_builder_column fusion-builder-column-1 fusion_builder_column_1_4 1_4 fusion-one-fourth fusion-column-last\" style=\"width:25%;width:calc(25% - ( ( 4% ) * 0.25 ) );margin-top:0px;margin-bottom:20px;\"><div class=\"fusion-column-wrapper fusion-flex-column-wrapper-legacy\" style=\"background-position:left top;background-repeat:no-repeat;-webkit-background-size:cover;-moz-background-size:cover;-o-background-size:cover;background-size:cover;padding: 0px 0px 0px 0px;\">\n<style type=\"text\/css\"><\/style><div class=\"fusion-title title fusion-title-2 fusion-title-text fusion-title-size-three\" style=\"margin-top:0px;margin-right:0px;margin-bottom:31px;margin-left:0px;\"><h3 class=\"title-heading-left\" style=\"margin:0;\">Napsali o n\u00e1s<\/h3><div class=\"title-sep-container\"><div class=\"title-sep sep-double sep-solid\" style=\"border-color:#e0dede;\"><\/div><\/div><\/div>\n<div class=\"fusion-testimonials classic fusion-testimonials-1\" data-random=\"0\" data-speed=\"4000\"><style type=\"text\/css\">#fusion-testimonials-1 a{border-color:#747474;}#fusion-testimonials-1 a:hover, #fusion-testimonials-1 .activeSlide{background-color: #747474;}.fusion-testimonials.classic.fusion-testimonials-1 .author:after{border-top-color:#f6f6f6 !important;}<\/style><div class=\"reviews\">\n<div class=\"review male\"><blockquote><q style=\"background-color:#f6f6f6;color:#747474;\" class=\"fusion-clearfix\">Velk\u00e9 pod\u011bkov\u00e1n\u00ed pat\u0159\u00ed Sboru dobrovoln\u00fdch hasi\u010d\u016f, kte\u0159\u00ed poskytli pomoc p\u0159i z\u00e1chrann\u00fdch a likvida\u010dn\u00edch prac\u00edch p\u0159i povodni v \u010dervnu 2013.<\/q><\/blockquote><div class=\"author\" style=\"color:#747474;\"><span class=\"testimonial-thumbnail doe\" style=\"color:#747474;\"><\/span><span class=\"company-name\"><strong>Kamil<\/strong>, <span>Svat\u00e9 Pole<\/span><\/span><\/div><\/div>\n<div class=\"review male\"><blockquote><q style=\"background-color:#f6f6f6;color:#747474;\" class=\"fusion-clearfix\">Cht\u011bl bych pochv\u00e1lit hasi\u010de za ples, kter\u00fd ka\u017ed\u00fd rok po\u0159\u00e1daj\u00ed ve zdej\u0161\u00ed sokolovn\u011b, je to jedna z nejlep\u0161\u00edch kulturn\u00edch akc\u00ed ve Svat\u00e9m Poli.<\/q><\/blockquote><div class=\"author\" style=\"color:#747474;\"><span class=\"testimonial-thumbnail doe\" style=\"color:#747474;\"><\/span><span class=\"company-name\"><strong>Josef<\/strong>, <span>Svat\u00e9 Pole<\/span><\/span><\/div><\/div>\n<div class=\"review male\"><blockquote><q style=\"background-color:#f6f6f6;color:#747474;\" class=\"fusion-clearfix\">D\u011bkuji za vynalo\u017een\u00e9 \u00fasil\u00ed, kter\u00e9 v\u011bnujete rozvoji hasizmu ve Svat\u00e9m Poli.<\/q><\/blockquote><div class=\"author\" style=\"color:#747474;\"><span class=\"testimonial-thumbnail doe\" style=\"color:#747474;\"><\/span><span class=\"company-name\"><strong>V\u00e1clav<\/strong>, <span>Svat\u00e9 Pole<\/span><\/span><\/div><\/div>\n<div class=\"review male\"><blockquote><q style=\"background-color:#f6f6f6;color:#747474;\" class=\"fusion-clearfix\">D\u00edky za ka\u017edoro\u010dn\u00ed m\u00e1jovou akci. Na\u0161e d\u011bti u\u017e se zase t\u011b\u0161\u00ed na op\u00e9k\u00e1n\u00ed bu\u0159t\u016f a hl\u00edd\u00e1n\u00ed m\u00e1jky.<\/q><\/blockquote><div class=\"author\" style=\"color:#747474;\"><span class=\"testimonial-thumbnail doe\" style=\"color:#747474;\"><\/span><span class=\"company-name\"><strong>Zden\u011bk<\/strong>, <span>Svat\u00e9 Pole<\/span><\/span><\/div><\/div>\n<div class=\"review female\"><blockquote><q style=\"background-color:#f6f6f6;color:#747474;\" class=\"fusion-clearfix\">U\u017e se zase t\u011b\u0161\u00edme na pou\u0165ov\u00e9 setk\u00e1n\u00ed ob\u010dan\u016f s na\u0161imi d\u011bti\u010dkami, kter\u00e9 v\u017edy po\u0159\u00e1d\u00e1te u hospody.<\/q><\/blockquote><div class=\"author\" style=\"color:#747474;\"><span class=\"testimonial-thumbnail doe\" style=\"color:#747474;\"><\/span><span class=\"company-name\"><strong>Jana<\/strong>, <span>Svat\u00e9 Pole<\/span><\/span><\/div><\/div><\/div><\/div>\n<div class=\"fusion-clearfix\"><\/div><\/div><\/div>\n<div class=\"fusion-layout-column fusion_builder_column fusion-builder-column-2 fusion_builder_column_1_1 1_1 fusion-one-full fusion-column-first fusion-column-last fusion-column-no-min-height\" style=\"margin-top:0px;margin-bottom:0px;\"><div class=\"fusion-column-wrapper fusion-flex-column-wrapper-legacy\" style=\"background-position:left top;background-repeat:no-repeat;-webkit-background-size:cover;-moz-background-size:cover;-o-background-size:cover;background-size:cover;padding: 0px 0px 0px 0px;\"><div class=\"fusion-content-boxes content-boxes columns row fusion-columns-6 fusion-columns-total-4 fusion-content-boxes-1 content-boxes-icon-with-title content-\" data-animationOffset=\"100%\" style=\"margin-top:0px;margin-bottom:60px;\"><style type=\"text\/css\">.fusion-content-boxes-1 .heading .content-box-heading {color:#333333;}\n\t\t\t\t\t.fusion-content-boxes-1 .fusion-content-box-hover .link-area-link-icon-hover .heading .content-box-heading,\n\t\t\t\t\t.fusion-content-boxes-1 .fusion-content-box-hover .link-area-link-icon-hover .heading .heading-link .content-box-heading,\n\t\t\t\t\t.fusion-content-boxes-1 .fusion-content-box-hover .link-area-box-hover .heading .content-box-heading,\n\t\t\t\t\t.fusion-content-boxes-1 .fusion-content-box-hover .link-area-box-hover .heading .heading-link .content-box-heading,\n\t\t\t\t\t.fusion-content-boxes-1 .fusion-content-box-hover .link-area-link-icon-hover.link-area-box .fusion-read-more,\n\t\t\t\t\t.fusion-content-boxes-1 .fusion-content-box-hover .link-area-link-icon-hover.link-area-box .fusion-read-more::after,\n\t\t\t\t\t.fusion-content-boxes-1 .fusion-content-box-hover .link-area-link-icon-hover.link-area-box .fusion-read-more::before,\n\t\t\t\t\t.fusion-content-boxes-1 .fusion-content-box-hover .fusion-read-more:hover:after,\n\t\t\t\t\t.fusion-content-boxes-1 .fusion-content-box-hover .fusion-read-more:hover:before,\n\t\t\t\t\t.fusion-content-boxes-1 .fusion-content-box-hover .fusion-read-more:hover,\n\t\t\t\t\t.fusion-content-boxes-1 .fusion-content-box-hover .link-area-box-hover.link-area-box .fusion-read-more,\n\t\t\t\t\t.fusion-content-boxes-1 .fusion-content-box-hover .link-area-box-hover.link-area-box .fusion-read-more::after,\n\t\t\t\t\t.fusion-content-boxes-1 .fusion-content-box-hover .link-area-box-hover.link-area-box .fusion-read-more::before,\n\t\t\t\t\t.fusion-content-boxes-1 .fusion-content-box-hover .link-area-link-icon-hover .icon .circle-no,\n\t\t\t\t\t.fusion-content-boxes-1 .heading .heading-link:hover .content-box-heading {\n\t\t\t\t\t\tcolor: #65bc7b;\n\t\t\t\t\t}\n\t\t\t\t\t.fusion-content-boxes-1 .fusion-content-box-hover .link-area-box-hover .icon .circle-no {\n\t\t\t\t\t\tcolor: #65bc7b !important;\n\t\t\t\t\t}.fusion-content-boxes-1 .fusion-content-box-hover .link-area-box.link-area-box-hover .fusion-content-box-button {background: #5aa86c;color: #ffffff;}.fusion-content-boxes-1 .fusion-content-box-hover .link-area-box.link-area-box-hover .fusion-content-box-button .fusion-button-text {color: #ffffff;}\n\t\t\t\t\t.fusion-content-boxes-1 .fusion-content-box-hover .link-area-link-icon-hover .heading .icon > span {\n\t\t\t\t\t\tbackground-color: #65bc7b !important;\n\t\t\t\t\t}\n\t\t\t\t\t.fusion-content-boxes-1 .fusion-content-box-hover .link-area-box-hover .heading .icon > span {\n\t\t\t\t\t\tborder-color: #65bc7b !important;\n\t\t\t\t\t}<\/style>\n<div class=\"fusion-column content-box-column content-box-column content-box-column-1 col-lg-2 col-md-2 col-sm-2 fusion-content-box-hover content-box-column-first-in-row\"><div class=\"col content-box-wrapper content-wrapper link-area-link-icon icon-hover-animation-fade\" style=\"background-color:rgba(255,255,255,0);\" data-animationOffset=\"100%\"><div class=\"heading heading-with-icon\"><div class=\"icon\"><i style=\"border-color:#333333;border-width:1px;background-color:#333333;box-sizing:content-box;height:42px;width:42px;line-height:42px;border-radius:50%;color:#ffffff;font-size:21px;\" aria-hidden=\"true\" class=\"fontawesome-icon fa fa-tablet circle-yes\"><\/i><\/div><h2 class=\"content-box-heading\" style=\"font-size:18px;line-height:23px;\">Prosp\u011b\u0161n\u00e1 \u010dinnost<\/h2><\/div><div class=\"fusion-clearfix\"><\/div><div class=\"content-container\" style=\"color:#747474;\">V\u011bt\u0161inov\u00e1 \u010d\u00e1st \u00fasil\u00ed \u010dlen\u016f SDH Svat\u00e9 Pole je v\u011bnov\u00e1na prosp\u011b\u0161n\u00e9 \u010dinnosti v rezortu obce a v jej\u00edm okol\u00ed.<\/div><\/div><\/div>\n<div class=\"fusion-column content-box-column content-box-column content-box-column-2 col-lg-2 col-md-2 col-sm-2 fusion-content-box-hover \"><div class=\"col content-box-wrapper content-wrapper link-area-link-icon icon-hover-animation-fade\" style=\"background-color:rgba(255,255,255,0);\" data-animationOffset=\"100%\"><div class=\"heading heading-with-icon\"><div class=\"icon\"><i style=\"border-color:#333333;border-width:1px;background-color:#333333;box-sizing:content-box;height:42px;width:42px;line-height:42px;border-radius:50%;color:#ffffff;font-size:21px;\" aria-hidden=\"true\" class=\"fontawesome-icon fa fa-random circle-yes\"><\/i><\/div><h2 class=\"content-box-heading\" style=\"font-size:18px;line-height:23px;\">Sportovn\u00ed \u010dinnost<\/h2><\/div><div class=\"fusion-clearfix\"><\/div><div class=\"content-container\" style=\"color:#747474;\">Sbor dobrovoln\u00fdch hasi\u010d\u016f Svat\u00e9 Pole je tak\u00e9 pravideln\u00fdm \u00fa\u010dastn\u00edkem v hasi\u010dsk\u00fdch sportovn\u00edch kl\u00e1n\u00edch.<\/div><\/div><\/div>\n<div class=\"fusion-column content-box-column content-box-column content-box-column-3 col-lg-2 col-md-2 col-sm-2 fusion-content-box-hover \"><div class=\"col content-box-wrapper content-wrapper link-area-link-icon icon-hover-animation-fade\" style=\"background-color:rgba(255,255,255,0);\" data-animationOffset=\"100%\"><div class=\"heading heading-with-icon\"><div class=\"icon\"><i style=\"border-color:#333333;border-width:1px;background-color:#333333;box-sizing:content-box;height:42px;width:42px;line-height:42px;border-radius:50%;color:#ffffff;font-size:21px;\" aria-hidden=\"true\" class=\"fontawesome-icon fa fa-tint circle-yes\"><\/i><\/div><h2 class=\"content-box-heading\" style=\"font-size:18px;line-height:23px;\">Hasi\u010dsk\u00e9 z\u00e1sahy<\/h2><\/div><div class=\"fusion-clearfix\"><\/div><div class=\"content-container\" style=\"color:#747474;\">SDH Svat\u00e9 Pole a jeho \u010dlenov\u00e9 maj\u00ed na sv\u00e9m kont\u011b tak\u00e9 spoustu \u00fasp\u011b\u0161n\u00fdch hasi\u010dsk\u00fdch z\u00e1sah\u016f.<\/div><\/div><\/div>\n<div class=\"fusion-column content-box-column content-box-column content-box-column-4 col-lg-2 col-md-2 col-sm-2 fusion-content-box-hover content-box-column-last\"><div class=\"col content-box-wrapper content-wrapper link-area-link-icon icon-hover-animation-fade\" style=\"background-color:rgba(255,255,255,0);\" data-animationOffset=\"100%\"><div class=\"heading heading-with-icon\"><div class=\"icon\"><i style=\"border-color:#333333;border-width:1px;background-color:#333333;box-sizing:content-box;height:42px;width:42px;line-height:42px;border-radius:50%;color:#ffffff;font-size:21px;\" aria-hidden=\"true\" class=\"fontawesome-icon fa fa-text-width circle-yes\"><\/i><\/div><h2 class=\"content-box-heading\" style=\"font-size:18px;line-height:23px;\">Kulturn\u00ed akce<\/h2><\/div><div class=\"fusion-clearfix\"><\/div><div class=\"content-container\" style=\"color:#747474;\">Sbor dobrovoln\u00fdch hasi\u010d\u016f Svat\u00e9 Pole po\u0159\u00e1d\u00e1 pro m\u00edstn\u00ed obyvatel\u00e9 a tak\u00e9 d\u011bti, pravideln\u00e9 kulturn\u00ed akce.<\/div><\/div><\/div><style type=\"text\/css\">\n\t\t\t\t\t\t.fusion-content-boxes-1 .fusion-content-box-hover .heading-link:hover .icon i.circle-yes,\n\t\t\t\t\t\t.fusion-content-boxes-1 .fusion-content-box-hover .link-area-box:hover .heading-link .icon i.circle-yes,\n\t\t\t\t\t\t.fusion-content-boxes-1 .fusion-content-box-hover .link-area-link-icon-hover .heading .icon i.circle-yes,\n\t\t\t\t\t\t.fusion-content-boxes-1 .fusion-content-box-hover .link-area-box-hover .heading .icon i.circle-yes {\n\t\t\t\t\t\t\tbackground-color: #65bc7b !important;\n\t\t\t\t\t\t\tborder-color: #65bc7b !important;\n\t\t\t\t\t\t}<\/style>\n<div class=\"fusion-clearfix\"><\/div><\/div><div class=\"fusion-clearfix\"><\/div><\/div><\/div><\/div><style type=\"text\/css\">.fusion-fullwidth.fusion-builder-row-1 { overflow:visible; }<\/style><\/div><\/p>\n","protected":false},"excerpt":{"rendered":"<p>Toto je arch\u00edv p\u016fvodn\u00edho webu. Aktu\u00e1ln\u011b prob\u00edh\u00e1 tvorba nov\u00e9ho. &#8212; V\u00edtejte na str\u00e1nk\u00e1ch ofici\u00e1ln\u00edho webu [&hellip;]<\/p>\n","protected":false},"author":1,"featured_media":0,"parent":0,"menu_order":0,"comment_status":"open","ping_status":"closed","template":"","meta":{"_bbp_topic_count":0,"_bbp_reply_count":0,"_bbp_total_topic_count":0,"_bbp_total_reply_count":0,"_bbp_voice_count":0,"_bbp_anonymous_reply_count":0,"_bbp_topic_count_hidden":0,"_bbp_reply_count_hidden":0,"_bbp_forum_subforum_count":0,"ngg_post_thumbnail":0,"footnotes":""},"_links":{"self":[{"href":"https:\/\/www.sdhsvatepole.cz\/archiv\/wp-json\/wp\/v2\/pages\/1345"}],"collection":[{"href":"https:\/\/www.sdhsvatepole.cz\/archiv\/wp-json\/wp\/v2\/pages"}],"about":[{"href":"https:\/\/www.sdhsvatepole.cz\/archiv\/wp-json\/wp\/v2\/types\/page"}],"author":[{"embeddable":true,"href":"https:\/\/www.sdhsvatepole.cz\/archiv\/wp-json\/wp\/v2\/users\/1"}],"replies":[{"embeddable":true,"href":"https:\/\/www.sdhsvatepole.cz\/archiv\/wp-json\/wp\/v2\/comments?post=1345"}],"version-history":[{"count":64,"href":"https:\/\/www.sdhsvatepole.cz\/archiv\/wp-json\/wp\/v2\/pages\/1345\/revisions"}],"predecessor-version":[{"id":10551,"href":"https:\/\/www.sdhsvatepole.cz\/archiv\/wp-json\/wp\/v2\/pages\/1345\/revisions\/10551"}],"wp:attachment":[{"href":"https:\/\/www.sdhsvatepole.cz\/archiv\/wp-json\/wp\/v2\/media?parent=1345"}],"curies":[{"name":"wp","href":"https:\/\/api.w.org\/{rel}","templated":true}]}}